{"id":4505,"date":"2022-08-25T00:05:12","date_gmt":"2022-08-24T21:05:12","guid":{"rendered":"https:\/\/www.asiahomedesign.com.tr\/?page_id=4505"},"modified":"2022-08-29T21:47:07","modified_gmt":"2022-08-29T18:47:07","slug":"hakkimizda","status":"publish","type":"page","link":"https:\/\/www.asiahomedesign.com.tr\/ar\/hakkimizda\/","title":{"rendered":"\u0645\u0639\u0644\u0648\u0645\u0627\u062a \u0639\u0646\u0627"},"content":{"rendered":"<div class=\"vc_row wpb_row vc_row-fluid\" ><div class=\"wpb_column vc_column_container vc_col-sm-12\"><div class=\"vc_column-inner\"><div class=\"wpb_wrapper\"><h2 style=\"text-align: center;font-family:Abril Fatface;font-weight:400;font-style:normal\" class=\"vc_custom_heading\" >\u0631\u0624\u064a\u0629<\/h2><\/div><\/div><\/div><div class=\"wpb_column vc_column_container vc_col-sm-12\"><div class=\"vc_column-inner\"><div class=\"wpb_wrapper\">\n\t<div class=\"wpb_text_column wpb_content_element\" >\n\t\t<div class=\"wpb_wrapper\">\n\t\t\t<p style=\"text-align: center;\"><strong>\u062a\u062a\u0628\u0646\u0649 \u0634\u0631\u0643\u0629 Asia Home Design \u0631\u0624\u064a\u0629 \u0627\u0644\u0627\u0628\u062a\u0643\u0627\u0631\u0627\u062a \u0627\u0644\u0631\u0627\u0626\u062f\u0629 \u0645\u0646 \u062e\u0644\u0627\u0644 \u062a\u0642\u062f\u064a\u0645 \u0623\u062b\u0627\u062b \u0645\u0635\u0645\u0645 \u0639\u0644\u0649 \u0623\u0633\u0627\u0633 \u0645\u0628\u062f\u0623 \u0627\u0644\u0645\u0646\u062a\u062c\u0627\u062a \u0639\u0627\u0644\u064a\u0629 \u0627\u0644\u062c\u0648\u062f\u0629 \u060c \u0645\u0646 \u0645\u0633\u0627\u062d\u0627\u062a \u0627\u0644\u0645\u0639\u064a\u0634\u0629 \u0625\u0644\u0649 \u0645\u0633\u0627\u062d\u0627\u062a \u0627\u0644\u0639\u0645\u0644.<\/strong><\/p>\n\n\t\t<\/div>\n\t<\/div>\n<\/div><\/div><\/div><\/div><div class=\"vc_row wpb_row vc_row-fluid\" ><div class=\"wpb_column vc_column_container vc_col-sm-12\"><div class=\"vc_column-inner\"><div class=\"wpb_wrapper\"><h2 style=\"text-align: center;font-family:Abril Fatface;font-weight:400;font-style:normal\" class=\"vc_custom_heading\" >\u0628\u0639\u062b\u0629<\/h2><\/div><\/div><\/div><div class=\"wpb_column vc_column_container vc_col-sm-12\"><div class=\"vc_column-inner\"><div class=\"wpb_wrapper\">\n\t<div class=\"wpb_text_column wpb_content_element\" >\n\t\t<div class=\"wpb_wrapper\">\n\t\t\t<p style=\"text-align: center;\"><strong>\u062a\u0648\u0627\u0635\u0644 \u0622\u0633\u064a\u0627 \u0647\u0648\u0645 \u062f\u064a\u0632\u0627\u064a\u0646 \u0623\u0639\u0645\u0627\u0644\u0647\u0627 \u0645\u0639 \u0645\u0647\u0645\u0629 \u062a\u0648\u0641\u064a\u0631 \u0623\u0646\u0633\u0628 \u062d\u0644 \u0644\u0644\u0623\u062b\u0627\u062b \u0628\u062a\u0642\u0646\u064a\u0627\u062a \u0627\u0644\u0625\u0646\u062a\u0627\u062c \u0648\u062a\u0635\u0645\u064a\u0645 \u0627\u0644\u0645\u0646\u062a\u062c\u0627\u062a \u0627\u0644\u0645\u0637\u0648\u0631\u0629 \u0628\u0641\u0647\u0645 \u0627\u0644\u062c\u0648\u062f\u0629 \u0648\u0627\u0644\u062a\u0635\u0645\u064a\u0645 \u0648\u0627\u0644\u0625\u0646\u062a\u0627\u062c \u0627\u0644\u0645\u0631\u064a\u062d \u0648\u0627\u0644\u062c\u0645\u0627\u0644\u064a \u0648\u0627\u0644\u0645\u0633\u062a\u062f\u0627\u0645 \u0648\u0627\u0644\u0648\u0638\u064a\u0641\u064a.<\/strong><\/p>\n\n\t\t<\/div>\n\t<\/div>\n<\/div><\/div><\/div><\/div><div class=\"vc_row wpb_row vc_row-fluid\" ><div class=\"wpb_column vc_column_container vc_col-sm-12\"><div class=\"vc_column-inner\"><div class=\"wpb_wrapper\"><h2 style=\"text-align: center;font-family:Abril Fatface;font-weight:400;font-style:normal\" class=\"vc_custom_heading\" >\u0623\u062e\u0644\u0627\u0642\u064a\u0627\u062a \u0627\u0644\u0639\u0645\u0644<\/h2><\/div><\/div><\/div><div class=\"wpb_column vc_column_container vc_col-sm-12\"><div class=\"vc_column-inner\"><div class=\"wpb_wrapper\">\n\t<div class=\"wpb_text_column wpb_content_element\" >\n\t\t<div class=\"wpb_wrapper\">\n\t\t\t<ul>\n<li style=\"text-align: center;\"><strong>\u0627\u0644\u0648\u0641\u0627\u0621 \u0628\u0627\u0644\u062a\u0632\u0627\u0645\u0627\u062a\u0647\u0627 \u0641\u064a \u0627\u0644\u0648\u0642\u062a \u0627\u0644\u0645\u062d\u062f\u062f \u0645\u0646 \u062e\u0644\u0627\u0644 \u0627\u0644\u062a\u0642\u064a\u062f \u0628\u0627\u0644\u062a\u0632\u0627\u0645\u0627\u062a\u0647\u0627.<\/strong><\/li>\n<li style=\"text-align: center;\"><strong>\u062a\u0633\u062a\u0645\u0639 \u0625\u0644\u0649 \u0639\u0645\u0644\u0627\u0626\u0647\u0627 \u0648\u062a\u0633\u0639\u0649 \u062c\u0627\u0647\u062f\u0629 \u0644\u062a\u0644\u0628\u064a\u0629 \u0627\u062d\u062a\u064a\u0627\u062c\u0627\u062a\u0647\u0645 \u0641\u064a \u0623\u0633\u0631\u0639 \u0648\u0642\u062a \u0645\u0645\u0643\u0646.<\/strong><\/li>\n<li style=\"text-align: center;\"><strong>\u064a\u0631\u0649 \u0623\u0646 \u062a\u0637\u0648\u064a\u0631 \u0627\u0644\u0623\u0641\u0643\u0627\u0631 \u0648\u0627\u0644\u0645\u0646\u062a\u062c\u0627\u062a \u0648\u0627\u0644\u062a\u0635\u0645\u064a\u0645\u0627\u062a \u0648\u0627\u0644\u062e\u062f\u0645\u0627\u062a \u0627\u0644\u062c\u062f\u064a\u062f\u0629 \u0647\u0648 \u0627\u0644\u0627\u062d\u062a\u0645\u0627\u0644 \u0627\u0644\u0631\u0626\u064a\u0633\u064a \u0644\u0644\u0645\u0646\u0627\u0641\u0633\u0629.<\/strong><\/li>\n<\/ul>\n\n\t\t<\/div>\n\t<\/div>\n<\/div><\/div><\/div><\/div><div class=\"vc_row wpb_row vc_row-fluid\" ><div class=\"wpb_column vc_column_container vc_col-sm-12\"><div class=\"vc_column-inner\"><div class=\"wpb_wrapper\"><div class=\"vc_empty_space\"   style=\"height: 150px\"><span class=\"vc_empty_space_inner\"><\/span><\/div><\/div><\/div><\/div><\/div>","protected":false},"excerpt":{"rendered":"V\u0130ZYON Asia Home Design ya\u015fam alanlar\u0131ndan \u00e7al\u0131\u015fma alanlar\u0131na, y\u00fcksek kalitede \u00fcr\u00fcn ilkesine dayal\u0131 tasar\u0131m mobilyalar sunarak, yeniliklere \u00f6nc\u00fcl\u00fck etmeyi vizyon edinir. M\u0130SYON Asia Home Design kaliteli, ergonomik, estetik, s\u00fcrd\u00fcr\u00fclebilir, fonksiyonel tasar\u0131m ve \u00fcretim anlay\u0131\u015f\u0131yla geli\u015ftirdi\u011fi \u00fcretim teknikleri ve tasar\u0131m \u00fcr\u00fcnleriyle [...]","protected":false},"author":1,"featured_media":0,"parent":0,"menu_order":0,"comment_status":"closed","ping_status":"closed","template":"","meta":{"footnotes":""},"class_list":["post-4505","page","type-page","status-publish","hentry"],"_links":{"self":[{"href":"https:\/\/www.asiahomedesign.com.tr\/ar\/wp-json\/wp\/v2\/pages\/4505","targetHints":{"allow":["GET"]}}],"collection":[{"href":"https:\/\/www.asiahomedesign.com.tr\/ar\/wp-json\/wp\/v2\/pages"}],"about":[{"href":"https:\/\/www.asiahomedesign.com.tr\/ar\/wp-json\/wp\/v2\/types\/page"}],"author":[{"embeddable":true,"href":"https:\/\/www.asiahomedesign.com.tr\/ar\/wp-json\/wp\/v2\/users\/1"}],"replies":[{"embeddable":true,"href":"https:\/\/www.asiahomedesign.com.tr\/ar\/wp-json\/wp\/v2\/comments?post=4505"}],"version-history":[{"count":11,"href":"https:\/\/www.asiahomedesign.com.tr\/ar\/wp-json\/wp\/v2\/pages\/4505\/revisions"}],"predecessor-version":[{"id":4721,"href":"https:\/\/www.asiahomedesign.com.tr\/ar\/wp-json\/wp\/v2\/pages\/4505\/revisions\/4721"}],"wp:attachment":[{"href":"https:\/\/www.asiahomedesign.com.tr\/ar\/wp-json\/wp\/v2\/media?parent=4505"}],"curies":[{"name":"wp","href":"https:\/\/api.w.org\/{rel}","templated":true}]}}