{"id":4505,"date":"2022-08-25T00:05:12","date_gmt":"2022-08-24T21:05:12","guid":{"rendered":"https:\/\/www.asiahomedesign.com.tr\/?page_id=4505"},"modified":"2022-08-29T21:47:07","modified_gmt":"2022-08-29T18:47:07","slug":"hakkimizda","status":"publish","type":"page","link":"https:\/\/www.asiahomedesign.com.tr\/bs\/hakkimizda\/","title":{"rendered":"O NAMA"},"content":{"rendered":"<div class=\"vc_row wpb_row vc_row-fluid\" ><div class=\"wpb_column vc_column_container vc_col-sm-12\"><div class=\"vc_column-inner\"><div class=\"wpb_wrapper\"><h2 style=\"text-align: center;font-family:Abril Fatface;font-weight:400;font-style:normal\" class=\"vc_custom_heading\" >VIZIJA<\/h2><\/div><\/div><\/div><div class=\"wpb_column vc_column_container vc_col-sm-12\"><div class=\"vc_column-inner\"><div class=\"wpb_wrapper\">\n\t<div class=\"wpb_text_column wpb_content_element\" >\n\t\t<div class=\"wpb_wrapper\">\n\t\t\t<p style=\"text-align: center;\"><strong>Na\u0161a vizija su pionirske inovacije visokokvalitetno dizajniranog namje\u0161taja zasnovanih na proizvodima od \u017eivotnog okru\u017eenja do radnog prostora.<\/strong><\/p>\n\n\t\t<\/div>\n\t<\/div>\n<\/div><\/div><\/div><\/div><div class=\"vc_row wpb_row vc_row-fluid\" ><div class=\"wpb_column vc_column_container vc_col-sm-12\"><div class=\"vc_column-inner\"><div class=\"wpb_wrapper\"><h2 style=\"text-align: center;font-family:Abril Fatface;font-weight:400;font-style:normal\" class=\"vc_custom_heading\" >MISIJA<\/h2><\/div><\/div><\/div><div class=\"wpb_column vc_column_container vc_col-sm-12\"><div class=\"vc_column-inner\"><div class=\"wpb_wrapper\">\n\t<div class=\"wpb_text_column wpb_content_element\" >\n\t\t<div class=\"wpb_wrapper\">\n\t\t\t<p style=\"text-align: center;\"><strong>Na\u0161a misija je pru\u017eiti najpreciznija rje\u0161enja namje\u0161taja za Va\u0161 potrebe kreiranjem visokokvalitetnih, ergonomskih, estetskih, odr\u017eivih i funkcionalnih proizvoda s jedinstveno razvijenim proizvodnim tehnikama.<\/strong><\/p>\n\n\t\t<\/div>\n\t<\/div>\n<\/div><\/div><\/div><\/div><div class=\"vc_row wpb_row vc_row-fluid\" ><div class=\"wpb_column vc_column_container vc_col-sm-12\"><div class=\"vc_column-inner\"><div class=\"wpb_wrapper\"><h2 style=\"text-align: center;font-family:Abril Fatface;font-weight:400;font-style:normal\" class=\"vc_custom_heading\" >POSLOVNA ETIKA<\/h2><\/div><\/div><\/div><div class=\"wpb_column vc_column_container vc_col-sm-12\"><div class=\"vc_column-inner\"><div class=\"wpb_wrapper\">\n\t<div class=\"wpb_text_column wpb_content_element\" >\n\t\t<div class=\"wpb_wrapper\">\n\t\t\t<ul>\n<li style=\"text-align: center;\"><strong>Po\u0161tivanje ugovora i dogovora sa kupcem, izvr\u0161avanje obaveza na vrijeme.<\/strong><\/li>\n<li style=\"text-align: center;\"><strong>Saslu\u0161ati kupca i njegove \u017eelje, dostaviti odgovor kupcu \u0161to je prije mogu\u0107e.<\/strong><\/li>\n<li style=\"text-align: center;\"><strong>Smatra razvoj novih ideja, proizvoda, dizajna i usluga osnovom konkurencije.<\/strong><\/li>\n<\/ul>\n\n\t\t<\/div>\n\t<\/div>\n<\/div><\/div><\/div><\/div><div class=\"vc_row wpb_row vc_row-fluid\" ><div class=\"wpb_column vc_column_container vc_col-sm-12\"><div class=\"vc_column-inner\"><div class=\"wpb_wrapper\"><div class=\"vc_empty_space\"   style=\"height: 150px\"><span class=\"vc_empty_space_inner\"><\/span><\/div><\/div><\/div><\/div><\/div>","protected":false},"excerpt":{"rendered":"V\u0130ZYON Asia Home Design ya\u015fam alanlar\u0131ndan \u00e7al\u0131\u015fma alanlar\u0131na, y\u00fcksek kalitede \u00fcr\u00fcn ilkesine dayal\u0131 tasar\u0131m mobilyalar sunarak, yeniliklere \u00f6nc\u00fcl\u00fck etmeyi vizyon edinir. M\u0130SYON Asia Home Design kaliteli, ergonomik, estetik, s\u00fcrd\u00fcr\u00fclebilir, fonksiyonel tasar\u0131m ve \u00fcretim anlay\u0131\u015f\u0131yla geli\u015ftirdi\u011fi \u00fcretim teknikleri ve tasar\u0131m \u00fcr\u00fcnleriyle [...]","protected":false},"author":1,"featured_media":0,"parent":0,"menu_order":0,"comment_status":"closed","ping_status":"closed","template":"","meta":{"footnotes":""},"class_list":["post-4505","page","type-page","status-publish","hentry"],"_links":{"self":[{"href":"https:\/\/www.asiahomedesign.com.tr\/bs\/wp-json\/wp\/v2\/pages\/4505","targetHints":{"allow":["GET"]}}],"collection":[{"href":"https:\/\/www.asiahomedesign.com.tr\/bs\/wp-json\/wp\/v2\/pages"}],"about":[{"href":"https:\/\/www.asiahomedesign.com.tr\/bs\/wp-json\/wp\/v2\/types\/page"}],"author":[{"embeddable":true,"href":"https:\/\/www.asiahomedesign.com.tr\/bs\/wp-json\/wp\/v2\/users\/1"}],"replies":[{"embeddable":true,"href":"https:\/\/www.asiahomedesign.com.tr\/bs\/wp-json\/wp\/v2\/comments?post=4505"}],"version-history":[{"count":11,"href":"https:\/\/www.asiahomedesign.com.tr\/bs\/wp-json\/wp\/v2\/pages\/4505\/revisions"}],"predecessor-version":[{"id":4721,"href":"https:\/\/www.asiahomedesign.com.tr\/bs\/wp-json\/wp\/v2\/pages\/4505\/revisions\/4721"}],"wp:attachment":[{"href":"https:\/\/www.asiahomedesign.com.tr\/bs\/wp-json\/wp\/v2\/media?parent=4505"}],"curies":[{"name":"wp","href":"https:\/\/api.w.org\/{rel}","templated":true}]}}