{"id":4517,"date":"2022-08-25T00:22:20","date_gmt":"2022-08-24T21:22:20","guid":{"rendered":"https:\/\/www.asiahomedesign.com.tr\/?page_id=4517"},"modified":"2023-09-25T12:16:10","modified_gmt":"2023-09-25T09:16:10","slug":"iletisim","status":"publish","type":"page","link":"https:\/\/www.asiahomedesign.com.tr\/bs\/iletisim\/","title":{"rendered":"KONTAKT"},"content":{"rendered":"<div class=\"vc_row wpb_row vc_row-fluid\" ><div class=\"wpb_column vc_column_container vc_col-sm-12\"><div class=\"vc_column-inner\"><div class=\"wpb_wrapper\">\n\t<div class=\"wpb_text_column wpb_content_element\" >\n\t\t<div class=\"wpb_wrapper\">\n\t\t\t<p style=\"text-align: center;\"><strong>Kestel mah. \u0130sa k\u00fc\u00e7\u00fclmez cad. No:190\/B<\/strong><\/p>\n<p style=\"text-align: center;\"><strong>Alanya \/ Antalya<\/strong><\/p>\n<p style=\"text-align: center;\"><strong>Tel: 0242 528 70 64<\/strong><\/p>\n<p style=\"text-align: center;\"><strong>Mobitel: +90 533 049 27 20<\/strong><\/p>\n\n\t\t<\/div>\n\t<\/div>\n<\/div><\/div><\/div><\/div>","protected":false},"excerpt":{"rendered":"Kestel mah. \u0130sa k\u00fc\u00e7\u00fclmez cad. No:190\/B Alanya \/ Antalya Tel: 0242 528 70 64 Mobile : +90 533 049 27 20","protected":false},"author":1,"featured_media":0,"parent":0,"menu_order":0,"comment_status":"closed","ping_status":"closed","template":"","meta":{"footnotes":""},"class_list":["post-4517","page","type-page","status-publish","hentry"],"_links":{"self":[{"href":"https:\/\/www.asiahomedesign.com.tr\/bs\/wp-json\/wp\/v2\/pages\/4517","targetHints":{"allow":["GET"]}}],"collection":[{"href":"https:\/\/www.asiahomedesign.com.tr\/bs\/wp-json\/wp\/v2\/pages"}],"about":[{"href":"https:\/\/www.asiahomedesign.com.tr\/bs\/wp-json\/wp\/v2\/types\/page"}],"author":[{"embeddable":true,"href":"https:\/\/www.asiahomedesign.com.tr\/bs\/wp-json\/wp\/v2\/users\/1"}],"replies":[{"embeddable":true,"href":"https:\/\/www.asiahomedesign.com.tr\/bs\/wp-json\/wp\/v2\/comments?post=4517"}],"version-history":[{"count":5,"href":"https:\/\/www.asiahomedesign.com.tr\/bs\/wp-json\/wp\/v2\/pages\/4517\/revisions"}],"predecessor-version":[{"id":4759,"href":"https:\/\/www.asiahomedesign.com.tr\/bs\/wp-json\/wp\/v2\/pages\/4517\/revisions\/4759"}],"wp:attachment":[{"href":"https:\/\/www.asiahomedesign.com.tr\/bs\/wp-json\/wp\/v2\/media?parent=4517"}],"curies":[{"name":"wp","href":"https:\/\/api.w.org\/{rel}","templated":true}]}}